{"id":7244,"date":"2026-05-08T12:19:48","date_gmt":"2026-05-08T12:19:48","guid":{"rendered":"http:\/\/www.emremesrubat.com\/?post_type=product&#038;p=7244"},"modified":"2026-05-08T12:19:48","modified_gmt":"2026-05-08T12:19:48","slug":"cay-tomurcuk-caykur-125gr","status":"publish","type":"product","link":"https:\/\/www.emremesrubat.com\/index.php\/product\/cay-tomurcuk-caykur-125gr\/","title":{"rendered":"\u00c7ay Tomurcuk \u00c7aykur 125gr"},"content":{"rendered":"<h2 data-start=\"250\" data-end=\"327\"><strong data-start=\"254\" data-end=\"327\">\u00c7ay Tomurcuk \u00c7aykur 125gr \u2013 Bergamot Kokulu \u00d6zel Harman, Ger\u00e7ek Tiryakilere \u00d6zel!<\/strong><\/h2>\n<p class=\"\" data-start=\"329\" data-end=\"693\"><strong data-start=\"329\" data-end=\"346\">Tomurcuk \u00c7ay\u0131<\/strong>, \u00e7ayda damak tad\u0131n\u0131 her \u015feyin \u00fczerinde tutanlar\u0131n vazge\u00e7ilmez tercihidir. \u00d6zenle se\u00e7ilmi\u015f taptaze \u00e7ay filizlerinin, do\u011fal\u00a0<strong data-start=\"469\" data-end=\"489\">bergamot aromas\u0131<\/strong>\u00a0ile harmanlanmas\u0131 sonucu elde edilen bu e\u015fsiz kar\u0131\u015f\u0131m; klasik siyah \u00e7aylara keyifli ve zarif bir dokunu\u015f katar. Ne\u015feli, kendine zaman ay\u0131ran, \u00e7ay keyfini bir rit\u00fcel haline getirenler i\u00e7in tasarlanm\u0131\u015ft\u0131r.<\/p>\n<p class=\"\" data-start=\"695\" data-end=\"814\">\u0130ster tek ba\u015f\u0131na i\u00e7ilebilir, ister farkl\u0131 siyah \u00e7aylarla harmanlanarak damak tad\u0131n\u0131za \u00f6zel tarifler olu\u015fturabilirsiniz.<\/p>\n<h4 class=\"\" data-start=\"816\" data-end=\"842\"><strong data-start=\"821\" data-end=\"842\">\u00dcr\u00fcn \u00d6zellikleri:<\/strong><\/h4>\n<ul data-start=\"843\" data-end=\"1156\">\n<li class=\"\" data-start=\"843\" data-end=\"895\">\n<p class=\"\" data-start=\"845\" data-end=\"895\"><strong data-start=\"845\" data-end=\"856\">\u0130\u00e7erik:<\/strong>\u00a0Bergamot aromal\u0131 siyah tomurcuk \u00e7ay\u0131<\/p>\n<\/li>\n<li class=\"\" data-start=\"896\" data-end=\"990\">\n<p class=\"\" data-start=\"898\" data-end=\"924\"><strong data-start=\"898\" data-end=\"922\">Ambalaj Se\u00e7enekleri:<\/strong><\/p>\n<ul data-start=\"927\" data-end=\"990\">\n<li class=\"\" data-start=\"927\" data-end=\"956\">\n<p class=\"\" data-start=\"929\" data-end=\"956\">125 gr klasik teneke kutu<\/p>\n<\/li>\n<\/ul>\n<\/li>\n<li class=\"\" data-start=\"991\" data-end=\"1023\">\n<p class=\"\" data-start=\"993\" data-end=\"1023\"><strong data-start=\"993\" data-end=\"1007\">Dem Rengi:<\/strong>\u00a0A\u00e7\u0131k kehribar<\/p>\n<\/li>\n<li class=\"\" data-start=\"1024\" data-end=\"1101\">\n<p class=\"\" data-start=\"1026\" data-end=\"1101\"><strong data-start=\"1026\" data-end=\"1042\">Tat Profili:<\/strong>\u00a0Hafif burukluk, zarif bergamot kokusu, yo\u011fun \u00e7ay aromas\u0131<\/p>\n<\/li>\n<li class=\"\" data-start=\"1102\" data-end=\"1156\">\n<p class=\"\" data-start=\"1104\" data-end=\"1156\"><strong data-start=\"1104\" data-end=\"1123\">Kullan\u0131m Alan\u0131:<\/strong>\u00a0Evde, misafirlikte, \u00f6zel anlarda<\/p>\n<\/li>\n<\/ul>\n<p class=\"\" data-start=\"1158\" data-end=\"1332\">\u00a0Bergamot aromas\u0131yla taptaze ferahl\u0131k<br data-start=\"1197\" data-end=\"1200\" \/>\u00a0Harmanlamaya uygun \u00f6zel form\u00fcl<br data-start=\"1233\" data-end=\"1236\" \/>\u00a0\u015e\u0131k ve nostaljik teneke ambalajlarda<br data-start=\"1275\" data-end=\"1278\" \/>\u00a0\u00c7ay tiryakileri ve keyif \u00e7ayc\u0131lar\u0131 i\u00e7in \u00f6zel \u00fcretim<\/p>\n<p class=\"\" data-start=\"1334\" data-end=\"1438\"><strong data-start=\"1334\" data-end=\"1438\">Tomurcuk \u00c7ay\u0131 ile \u00e7ay keyfinize farkl\u0131 bir boyut kat\u0131n \u2013 her yudumda zarafet, her fincanda mutluluk!<\/strong><\/p>\n","protected":false},"excerpt":{"rendered":"<div class=\"elementor-element elementor-element-a2a93c2 elementor-widget elementor-widget-porto_cp_excerpt\" data-id=\"a2a93c2\" data-element_type=\"widget\" data-e-type=\"widget\" data-widget_type=\"porto_cp_excerpt.default\">\n<div class=\"elementor-widget-container\">\n<div class=\"description woocommerce-product-details__short-description\">\n<p>\u00c7ay Tomurcuk \u00c7aykur 125gr Tomurcuk \u00c7ay\u0131, \u00e7ayda damak tad\u0131n\u0131 her \u015feyin \u00fczerinde tutanlar\u0131n vazge\u00e7ilmez tercihidir. \u00d6zenle se\u00e7ilmi\u015f taptaze \u00e7ay filizlerinin, do\u011fal bergamot aromas\u0131 ile harmanlanmas\u0131 sonucu elde edilen bu e\u015fsiz kar\u0131\u015f\u0131m; klasik siyah \u00e7aylara keyifli ve zarif bir dokunu\u015f katar.<\/p>\n<\/div>\n<\/div>\n<\/div>\n<div class=\"elementor-element elementor-element-852bf31 elementor-widget elementor-widget-porto_cp_meta\" data-id=\"852bf31\" data-element_type=\"widget\" data-e-type=\"widget\" data-widget_type=\"porto_cp_meta.default\">\n<div class=\"elementor-widget-container\">\n<div class=\"product_meta\"><\/div>\n<\/div>\n<\/div>\n","protected":false},"featured_media":7249,"comment_status":"open","ping_status":"closed","template":"","meta":{"content-type":""},"product_brand":[],"product_cat":[108],"product_tag":[],"class_list":{"0":"post-7244","1":"product","2":"type-product","3":"status-publish","4":"has-post-thumbnail","6":"product_cat-cay-seker","8":"first","9":"instock","10":"shipping-taxable","11":"product-type-simple"},"_cost_price":"","_links":{"self":[{"href":"https:\/\/www.emremesrubat.com\/index.php\/wp-json\/wp\/v2\/product\/7244","targetHints":{"allow":["GET"]}}],"collection":[{"href":"https:\/\/www.emremesrubat.com\/index.php\/wp-json\/wp\/v2\/product"}],"about":[{"href":"https:\/\/www.emremesrubat.com\/index.php\/wp-json\/wp\/v2\/types\/product"}],"replies":[{"embeddable":true,"href":"https:\/\/www.emremesrubat.com\/index.php\/wp-json\/wp\/v2\/comments?post=7244"}],"wp:featuredmedia":[{"embeddable":true,"href":"https:\/\/www.emremesrubat.com\/index.php\/wp-json\/wp\/v2\/media\/7249"}],"wp:attachment":[{"href":"https:\/\/www.emremesrubat.com\/index.php\/wp-json\/wp\/v2\/media?parent=7244"}],"wp:term":[{"taxonomy":"product_brand","embeddable":true,"href":"https:\/\/www.emremesrubat.com\/index.php\/wp-json\/wp\/v2\/product_brand?post=7244"},{"taxonomy":"product_cat","embeddable":true,"href":"https:\/\/www.emremesrubat.com\/index.php\/wp-json\/wp\/v2\/product_cat?post=7244"},{"taxonomy":"product_tag","embeddable":true,"href":"https:\/\/www.emremesrubat.com\/index.php\/wp-json\/wp\/v2\/product_tag?post=7244"}],"curies":[{"name":"wp","href":"https:\/\/api.w.org\/{rel}","templated":true}]}}