{"id":7022,"date":"2026-05-08T09:39:00","date_gmt":"2026-05-08T09:39:00","guid":{"rendered":"http:\/\/www.emremesrubat.com\/?post_type=product&#038;p=7022"},"modified":"2026-05-08T09:39:01","modified_gmt":"2026-05-08T09:39:01","slug":"domates","status":"publish","type":"product","link":"https:\/\/www.emremesrubat.com\/index.php\/product\/domates\/","title":{"rendered":"Domates"},"content":{"rendered":"<h1>Domates<\/h1>\n<p>Domates, T\u00fcrk mutfa\u011f\u0131nda yayg\u0131n olarak kullan\u0131lan\u00a0 bir sebzedir. Besin de\u011feri y\u00fcksek olan domates, C vitamini, potasyum, folat ve K vitamini gibi \u00f6nemli besin \u00f6\u011feleri i\u00e7erir. Ayr\u0131ca likopen ad\u0131 verilen g\u00fc\u00e7l\u00fc bir antioksidanla zengindir.<\/p>\n<p>Domates, \u00e7i\u011f olarak salatalarda, pi\u015fmi\u015f olarak ise soslarda, \u00e7orbalarda, yemeklerde ve pizzalarda kullan\u0131labilir. T\u00fcrkiye\u2019de de yeti\u015ftirilmesi yayg\u0131nd\u0131r ve mutfakta geni\u015f bir kullan\u0131m alan\u0131na sahiptir.<\/p>\n","protected":false},"excerpt":{"rendered":"<p>Domates, \u00e7i\u011f olarak salatalarda, pi\u015fmi\u015f olarak ise soslarda, \u00e7orbalarda, yemeklerde ve pizzalarda kullan\u0131labilir. T\u00fcrkiye\u2019de de yeti\u015ftirilmesi yayg\u0131nd\u0131r ve mutfakta geni\u015f bir kullan\u0131m alan\u0131na sahiptir<\/p>\n","protected":false},"featured_media":7024,"comment_status":"open","ping_status":"closed","template":"","meta":{"content-type":""},"product_brand":[],"product_cat":[110],"product_tag":[],"class_list":{"0":"post-7022","1":"product","2":"type-product","3":"status-publish","4":"has-post-thumbnail","6":"product_cat-meyve-sebze","8":"first","9":"instock","10":"shipping-taxable","11":"product-type-simple"},"_cost_price":"","_links":{"self":[{"href":"https:\/\/www.emremesrubat.com\/index.php\/wp-json\/wp\/v2\/product\/7022","targetHints":{"allow":["GET"]}}],"collection":[{"href":"https:\/\/www.emremesrubat.com\/index.php\/wp-json\/wp\/v2\/product"}],"about":[{"href":"https:\/\/www.emremesrubat.com\/index.php\/wp-json\/wp\/v2\/types\/product"}],"replies":[{"embeddable":true,"href":"https:\/\/www.emremesrubat.com\/index.php\/wp-json\/wp\/v2\/comments?post=7022"}],"wp:featuredmedia":[{"embeddable":true,"href":"https:\/\/www.emremesrubat.com\/index.php\/wp-json\/wp\/v2\/media\/7024"}],"wp:attachment":[{"href":"https:\/\/www.emremesrubat.com\/index.php\/wp-json\/wp\/v2\/media?parent=7022"}],"wp:term":[{"taxonomy":"product_brand","embeddable":true,"href":"https:\/\/www.emremesrubat.com\/index.php\/wp-json\/wp\/v2\/product_brand?post=7022"},{"taxonomy":"product_cat","embeddable":true,"href":"https:\/\/www.emremesrubat.com\/index.php\/wp-json\/wp\/v2\/product_cat?post=7022"},{"taxonomy":"product_tag","embeddable":true,"href":"https:\/\/www.emremesrubat.com\/index.php\/wp-json\/wp\/v2\/product_tag?post=7022"}],"curies":[{"name":"wp","href":"https:\/\/api.w.org\/{rel}","templated":true}]}}