{"id":7016,"date":"2026-05-08T09:33:14","date_gmt":"2026-05-08T09:33:14","guid":{"rendered":"http:\/\/www.emremesrubat.com\/?post_type=product&#038;p=7016"},"modified":"2026-05-08T09:33:15","modified_gmt":"2026-05-08T09:33:15","slug":"yuzey-temizleyici-tex-5-kg","status":"publish","type":"product","link":"https:\/\/www.emremesrubat.com\/index.php\/product\/yuzey-temizleyici-tex-5-kg\/","title":{"rendered":"Y\u00fczey Temizleyici Tex 5 Kg"},"content":{"rendered":"<h2 data-start=\"242\" data-end=\"306\"><strong data-start=\"246\" data-end=\"306\">Y\u00fczey Temizleyici Tex 5 Kg \u2013 G\u00fc\u00e7l\u00fc Form\u00fcl, Parlak Temizlik<\/strong><\/h2>\n<p class=\"\" data-start=\"308\" data-end=\"687\"><strong data-start=\"308\" data-end=\"336\">TEX Genel Temizlik \u00dcr\u00fcn\u00fc<\/strong>, ev ve i\u015f yerlerinizdeki t\u00fcm y\u00fczeylerde etkili temizlik sa\u011flamak \u00fczere geli\u015ftirilmi\u015f g\u00fc\u00e7l\u00fc bir temizlik maddesidir. Normal kirlerde kolayca uygulanabilen form\u00fcl\u00fc ile\u00a0<strong data-start=\"503\" data-end=\"549\">yar\u0131m kova (5L) suya yar\u0131m \u00e7ay barda\u011f\u0131 TEX<\/strong>\u00a0ilave edilerek kullan\u0131ld\u0131\u011f\u0131nda y\u00fczeylerde derinlemesine temizlik sa\u011flar.\u00a0<strong data-start=\"623\" data-end=\"669\">Cilal\u0131 ve boyal\u0131 y\u00fczeylerde suland\u0131r\u0131larak<\/strong>\u00a0kullan\u0131lmal\u0131d\u0131r.<\/p>\n<p class=\"\" data-start=\"689\" data-end=\"849\"><strong data-start=\"689\" data-end=\"714\">\u0130nat\u00e7\u0131 kir ve lekeler<\/strong>\u00a0i\u00e7in ise TEX\u2019i do\u011frudan \u0131slak bir bez \u00fczerine d\u00f6kerek y\u00fczeyi silmeniz yeterlidir. Parlak ve hijyenik sonu\u00e7lar i\u00e7in ideal bir \u00e7\u00f6z\u00fcmd\u00fcr.<\/p>\n<h4 class=\"\" data-start=\"851\" data-end=\"878\"><strong data-start=\"856\" data-end=\"878\">Kullan\u0131m Talimat\u0131:<\/strong><\/h4>\n<ul data-start=\"879\" data-end=\"1147\">\n<li class=\"\" data-start=\"879\" data-end=\"954\">\n<p class=\"\" data-start=\"881\" data-end=\"954\">Normal temizlikler i\u00e7in: Yar\u0131m kova suya yar\u0131m \u00e7ay barda\u011f\u0131 TEX ekleyin.<\/p>\n<\/li>\n<li class=\"\" data-start=\"955\" data-end=\"1016\">\n<p class=\"\" data-start=\"957\" data-end=\"1016\">Cilal\u0131\/boyal\u0131 y\u00fczeylerde mutlaka suland\u0131rarak kullan\u0131n\u0131z.<\/p>\n<\/li>\n<li class=\"\" data-start=\"1017\" data-end=\"1095\">\n<p class=\"\" data-start=\"1019\" data-end=\"1095\">Zorlu lekelerde: Suland\u0131rmadan do\u011frudan bez \u00fczerine d\u00f6k\u00fcn ve y\u00fczeyi silin.<\/p>\n<\/li>\n<li class=\"\" data-start=\"1096\" data-end=\"1147\">\n<p class=\"\" data-start=\"1098\" data-end=\"1147\">Temizlik sonras\u0131 y\u00fczeyleri bol suyla durulay\u0131n\u0131z.<\/p>\n<\/li>\n<\/ul>\n<h4 class=\"\" data-start=\"1149\" data-end=\"1177\"><strong data-start=\"1154\" data-end=\"1177\">T\u00fcketici Uyar\u0131lar\u0131:<\/strong><\/h4>\n<ul data-start=\"1178\" data-end=\"1549\">\n<li class=\"\" data-start=\"1178\" data-end=\"1221\">\n<p class=\"\" data-start=\"1180\" data-end=\"1221\">Kullanma talimatlar\u0131n\u0131 dikkatle okuyun.<\/p>\n<\/li>\n<li class=\"\" data-start=\"1222\" data-end=\"1262\">\n<p class=\"\" data-start=\"1224\" data-end=\"1262\">Ciltle uzun s\u00fcreli temastan ka\u00e7\u0131n\u0131n.<\/p>\n<\/li>\n<li class=\"\" data-start=\"1263\" data-end=\"1316\">\n<p class=\"\" data-start=\"1265\" data-end=\"1316\">Kullan\u0131m sonras\u0131 ellerinizi bol su ile y\u0131kay\u0131n\u0131z.<\/p>\n<\/li>\n<li class=\"\" data-start=\"1317\" data-end=\"1375\">\n<p class=\"\" data-start=\"1319\" data-end=\"1375\"><strong data-start=\"1319\" data-end=\"1373\">El, y\u00fcz, v\u00fccut ve g\u0131da temizli\u011finde kullanmay\u0131n\u0131z.<\/strong><\/p>\n<\/li>\n<li class=\"\" data-start=\"1376\" data-end=\"1427\">\n<p class=\"\" data-start=\"1378\" data-end=\"1427\">\u00c7ocuklardan ve g\u0131da maddelerinden uzak tutunuz.<\/p>\n<\/li>\n<li class=\"\" data-start=\"1428\" data-end=\"1549\">\n<p class=\"\" data-start=\"1430\" data-end=\"1549\"><strong data-start=\"1430\" data-end=\"1450\">Alerjen uyar\u0131s\u0131:<\/strong>\u00a0Methylchloroisothiazolinone ve Methylisothiazolinone i\u00e7erir. Alerjik reaksiyonlara neden olabilir.<\/p>\n<\/li>\n<\/ul>\n<p class=\"\" data-start=\"1551\" data-end=\"1750\">\u00a0\u00c7ok ama\u00e7l\u0131 kullan\u0131m \u2013 y\u00fczeylerde etkin temizlik<br data-start=\"1601\" data-end=\"1604\" \/>\u00a0G\u00fc\u00e7l\u00fc form\u00fcl \u2013 inat\u00e7\u0131 lekelerde direkt uygulama<br data-start=\"1654\" data-end=\"1657\" \/>\u00a0Parlak, ferah ve hijyenik sonu\u00e7<br data-start=\"1691\" data-end=\"1694\" \/>\u00a0Ofis, restoran, ev ve kurumsal temizlikler i\u00e7in ideal<\/p>\n<p class=\"\" data-start=\"1752\" data-end=\"1876\"><strong data-start=\"1752\" data-end=\"1876\">TEX ile g\u00fc\u00e7l\u00fc hijyen ve tertemiz y\u00fczeyler art\u0131k \u00e7ok daha kolay! Hemen sipari\u015f verin, etkili temizlik deneyimini ya\u015fay\u0131n.<\/strong><\/p>\n","protected":false},"excerpt":{"rendered":"<p>Y\u00fczey Temizleyici Tex 5 Kg, ev ve i\u015f yerlerinizdeki t\u00fcm y\u00fczeylerde etkili temizlik sa\u011flamak \u00fczere geli\u015ftirilmi\u015f g\u00fc\u00e7l\u00fc bir temizlik maddesidir. Normal kirlerde kolayca uygulanabilen form\u00fcl\u00fc ile yar\u0131m kova (5L) suya yar\u0131m \u00e7ay barda\u011f\u0131 TEX ilave edilerek kullan\u0131ld\u0131\u011f\u0131nda y\u00fczeylerde derinlemesine temizlik sa\u011flar. Cilal\u0131 ve boyal\u0131 y\u00fczeylerde suland\u0131r\u0131larak kullan\u0131lmal\u0131d\u0131r.<\/p>\n","protected":false},"featured_media":7018,"comment_status":"open","ping_status":"closed","template":"","meta":{"content-type":""},"product_brand":[],"product_cat":[111],"product_tag":[],"class_list":{"0":"post-7016","1":"product","2":"type-product","3":"status-publish","4":"has-post-thumbnail","6":"product_cat-temizlik","8":"first","9":"instock","10":"shipping-taxable","11":"product-type-simple"},"_cost_price":"","_links":{"self":[{"href":"https:\/\/www.emremesrubat.com\/index.php\/wp-json\/wp\/v2\/product\/7016","targetHints":{"allow":["GET"]}}],"collection":[{"href":"https:\/\/www.emremesrubat.com\/index.php\/wp-json\/wp\/v2\/product"}],"about":[{"href":"https:\/\/www.emremesrubat.com\/index.php\/wp-json\/wp\/v2\/types\/product"}],"replies":[{"embeddable":true,"href":"https:\/\/www.emremesrubat.com\/index.php\/wp-json\/wp\/v2\/comments?post=7016"}],"wp:featuredmedia":[{"embeddable":true,"href":"https:\/\/www.emremesrubat.com\/index.php\/wp-json\/wp\/v2\/media\/7018"}],"wp:attachment":[{"href":"https:\/\/www.emremesrubat.com\/index.php\/wp-json\/wp\/v2\/media?parent=7016"}],"wp:term":[{"taxonomy":"product_brand","embeddable":true,"href":"https:\/\/www.emremesrubat.com\/index.php\/wp-json\/wp\/v2\/product_brand?post=7016"},{"taxonomy":"product_cat","embeddable":true,"href":"https:\/\/www.emremesrubat.com\/index.php\/wp-json\/wp\/v2\/product_cat?post=7016"},{"taxonomy":"product_tag","embeddable":true,"href":"https:\/\/www.emremesrubat.com\/index.php\/wp-json\/wp\/v2\/product_tag?post=7016"}],"curies":[{"name":"wp","href":"https:\/\/api.w.org\/{rel}","templated":true}]}}